{"id":1997,"date":"2013-10-05T17:20:18","date_gmt":"2013-10-05T15:20:18","guid":{"rendered":"http:\/\/www.ahornschule.de\/?page_id=1997"},"modified":"2025-07-06T10:34:59","modified_gmt":"2025-07-06T08:34:59","slug":"nachmittagsbetreuung-forderverein","status":"publish","type":"page","link":"http:\/\/www.ahornschule.de\/?page_id=1997","title":{"rendered":"\u00dcber uns"},"content":{"rendered":"\n<div class=\"wp-block-image\"><figure class=\"aligncenter size-large is-resized\"><img loading=\"lazy\" decoding=\"async\" src=\"http:\/\/www.ahornschule.de\/wp-content\/uploads\/Logo-Foerderverein-e1668528948693.jpg\" alt=\"\" class=\"wp-image-10012\" width=\"338\" height=\"304\"\/><\/figure><\/div>\n\n\n\n<h4 class=\"alignwide has-text-align-center wp-block-heading\">&#8222;<em>Sei frech und wild und wunderbar<\/em>.&#8220;<br>Astrid Lindgren<\/h4>\n\n\n\n<div style=\"height:34px\" aria-hidden=\"true\" class=\"wp-block-spacer\"><\/div>\n\n\n\n<p>Unterst\u00fctzer, Sponsoren und neue Mitglieder sind jederzeit herzlich willkommen.<br>Der Mitgliedsbeitrag im Verein betr\u00e4gt derzeit 12,00 \u20ac\/Jahr.<\/p>\n\n\n\n<p>Wir freuen uns aber auch \u00fcber jede kleine und gro\u00dfe Spende.<\/p>\n\n\n\n<div style=\"height:15px\" aria-hidden=\"true\" class=\"wp-block-spacer\"><\/div>\n\n\n\n<div class=\"wp-block-columns is-layout-flex wp-container-core-columns-is-layout-9d6595d7 wp-block-columns-is-layout-flex\">\n<div class=\"wp-block-column is-layout-flow wp-block-column-is-layout-flow\" style=\"flex-basis:100%\">\n<div class=\"wp-block-columns are-vertically-aligned-bottom is-layout-flex wp-container-core-columns-is-layout-9d6595d7 wp-block-columns-is-layout-flex\">\n<div class=\"wp-block-column is-vertically-aligned-bottom is-layout-flow wp-block-column-is-layout-flow\">\n<p><strong>Vorstand:<\/strong><\/p>\n\n\n\n<p>1. Vorstand: Tina F\u00f6rster<\/p>\n\n\n\n<p>2. Vorstand: Sandra Seidel<\/p>\n\n\n\n<p>Kassenwart: Anja Brehl<\/p>\n\n\n\n<p>Sekretariat Nachmittagsbetreuung: Jessica Bug<\/p>\n<\/div>\n\n\n\n<div class=\"wp-block-column is-layout-flow wp-block-column-is-layout-flow\"><\/div>\n<\/div>\n<\/div>\n<\/div>\n\n\n\n<div style=\"height:19px\" aria-hidden=\"true\" class=\"wp-block-spacer\"><\/div>\n\n\n\n<p><strong>Kontaktadresse<\/strong>:<br>F\u00f6rderverein der Ahornschule in L\u00fctter e.V.<br>Tina F\u00f6rster<br>Am Gerichtsplatz 5<br>36124 Eichenzell-L\u00fctter<br>vorstand@foerderverein-ahornschule.de<\/p>\n\n\n\n<p><strong>Spendenkonto:<\/strong><br>F\u00f6rderverein der Ahornschule in L\u00fctter e.V.<br>DE07 5305 0180 0011 0041 50<br>BIC HELADEF1FDS<br>Sparkasse Fulda<\/p>\n\n\n\n<p><strong><u><a href=\"http:\/\/www.ahornschule.de\/wp-content\/uploads\/Flyer-Foerderverein_2025.pdf\" target=\"_blank\" rel=\"noreferrer noopener\">Der Flyer des F\u00f6rdervereins kann hier heruntergeladen werden.<\/a><\/u><\/strong><\/p>\n\n\n\n<p><strong><u><a rel=\"noreferrer noopener\" href=\"http:\/\/www.ahornschule.de\/wp-content\/uploads\/250704_Beitrittserkla\u0308rung-und-Satzung.pdf\" target=\"_blank\">Die Beitrittserkl\u00e4rung sowie die Satzung des F\u00f6rdervereins k\u00f6nnen hier heruntergeladen werden.<\/a><\/u><\/strong><\/p>\n","protected":false},"excerpt":{"rendered":"<p>&#8222;Sei frech und wild und wunderbar.&#8220;Astrid Lindgren Unterst\u00fctzer, Sponsoren und neue Mitglieder sind jederzeit herzlich willkommen.Der Mitgliedsbeitrag im Verein betr\u00e4gt derzeit 12,00 \u20ac\/Jahr. Wir freuen [&#8230;]<\/p>\n","protected":false},"author":1,"featured_media":0,"parent":0,"menu_order":5,"comment_status":"closed","ping_status":"closed","template":"onecolumn-page.php","meta":{"_coblocks_attr":"","_coblocks_dimensions":"","_coblocks_responsive_height":"","_coblocks_accordion_ie_support":"","footnotes":""},"class_list":["post-1997","page","type-page","status-publish","hentry"],"_links":{"self":[{"href":"http:\/\/www.ahornschule.de\/index.php?rest_route=\/wp\/v2\/pages\/1997","targetHints":{"allow":["GET"]}}],"collection":[{"href":"http:\/\/www.ahornschule.de\/index.php?rest_route=\/wp\/v2\/pages"}],"about":[{"href":"http:\/\/www.ahornschule.de\/index.php?rest_route=\/wp\/v2\/types\/page"}],"author":[{"embeddable":true,"href":"http:\/\/www.ahornschule.de\/index.php?rest_route=\/wp\/v2\/users\/1"}],"replies":[{"embeddable":true,"href":"http:\/\/www.ahornschule.de\/index.php?rest_route=%2Fwp%2Fv2%2Fcomments&post=1997"}],"version-history":[{"count":81,"href":"http:\/\/www.ahornschule.de\/index.php?rest_route=\/wp\/v2\/pages\/1997\/revisions"}],"predecessor-version":[{"id":11399,"href":"http:\/\/www.ahornschule.de\/index.php?rest_route=\/wp\/v2\/pages\/1997\/revisions\/11399"}],"wp:attachment":[{"href":"http:\/\/www.ahornschule.de\/index.php?rest_route=%2Fwp%2Fv2%2Fmedia&parent=1997"}],"curies":[{"name":"wp","href":"https:\/\/api.w.org\/{rel}","templated":true}]}}